{"id":3871,"date":"2025-12-10T08:33:58","date_gmt":"2025-12-10T07:33:58","guid":{"rendered":"http:\/\/cydonia.com.hr\/zg\/?post_type=product&#038;p=3871"},"modified":"2026-04-20T07:49:53","modified_gmt":"2026-04-20T06:49:53","slug":"otkosteni-pileci-batak-i-zabatak-spinat-i-pire-krumpir","status":"publish","type":"product","link":"http:\/\/cydonia.com.hr\/zg\/proizvod\/otkosteni-pileci-batak-i-zabatak-spinat-i-pire-krumpir\/","title":{"rendered":"\u0160PINAT I PIRE KRUMPIR + PRILOG (obavezno odabrati jedan prilog,pile\u0107i be\u010dki odrezak,pljeskavica ili pile\u0107i file s grilla)"},"content":{"rendered":"","protected":false},"excerpt":{"rendered":"","protected":false},"featured_media":358,"comment_status":"closed","ping_status":"closed","template":"","meta":[],"_links":{"self":[{"href":"http:\/\/cydonia.com.hr\/zg\/wp-json\/wp\/v2\/product\/3871"}],"collection":[{"href":"http:\/\/cydonia.com.hr\/zg\/wp-json\/wp\/v2\/product"}],"about":[{"href":"http:\/\/cydonia.com.hr\/zg\/wp-json\/wp\/v2\/types\/product"}],"replies":[{"embeddable":true,"href":"http:\/\/cydonia.com.hr\/zg\/wp-json\/wp\/v2\/comments?post=3871"}],"wp:featuredmedia":[{"embeddable":true,"href":"http:\/\/cydonia.com.hr\/zg\/wp-json\/wp\/v2\/media\/358"}],"wp:attachment":[{"href":"http:\/\/cydonia.com.hr\/zg\/wp-json\/wp\/v2\/media?parent=3871"}],"curies":[{"name":"wp","href":"https:\/\/api.w.org\/{rel}","templated":true}]}}