{"id":7509,"date":"2022-04-13T06:56:37","date_gmt":"2022-04-13T05:56:37","guid":{"rendered":"http:\/\/cydonia.com.hr\/zg\/?post_type=product&#038;p=7509"},"modified":"2026-05-12T07:59:03","modified_gmt":"2026-05-12T06:59:03","slug":"pileci-file-s-grilla-u-umaku-od-brusnicemjesanih-divljih-gljiva-i-sampinjona-riza","status":"publish","type":"product","link":"http:\/\/cydonia.com.hr\/zg\/proizvod\/pileci-file-s-grilla-u-umaku-od-brusnicemjesanih-divljih-gljiva-i-sampinjona-riza\/","title":{"rendered":"Pile\u0107i file s grilla u umaku od mje\u0161anih divljih gljiva i \u0161ampinjona + pasta penne"},"content":{"rendered":"","protected":false},"excerpt":{"rendered":"","protected":false},"featured_media":694,"comment_status":"closed","ping_status":"closed","template":"","meta":[],"_links":{"self":[{"href":"http:\/\/cydonia.com.hr\/zg\/wp-json\/wp\/v2\/product\/7509"}],"collection":[{"href":"http:\/\/cydonia.com.hr\/zg\/wp-json\/wp\/v2\/product"}],"about":[{"href":"http:\/\/cydonia.com.hr\/zg\/wp-json\/wp\/v2\/types\/product"}],"replies":[{"embeddable":true,"href":"http:\/\/cydonia.com.hr\/zg\/wp-json\/wp\/v2\/comments?post=7509"}],"wp:featuredmedia":[{"embeddable":true,"href":"http:\/\/cydonia.com.hr\/zg\/wp-json\/wp\/v2\/media\/694"}],"wp:attachment":[{"href":"http:\/\/cydonia.com.hr\/zg\/wp-json\/wp\/v2\/media?parent=7509"}],"curies":[{"name":"wp","href":"https:\/\/api.w.org\/{rel}","templated":true}]}}