{"id":7510,"date":"2022-04-13T06:57:48","date_gmt":"2022-04-13T05:57:48","guid":{"rendered":"http:\/\/cydonia.com.hr\/zg\/?post_type=product&#038;p=7510"},"modified":"2026-05-12T07:58:49","modified_gmt":"2026-05-12T06:58:49","slug":"pureci-file-s-grilla-u-umaku-od-brusnicemjesanih-divljih-gljiva-i-sampinjona-riza","status":"publish","type":"product","link":"http:\/\/cydonia.com.hr\/zg\/proizvod\/pureci-file-s-grilla-u-umaku-od-brusnicemjesanih-divljih-gljiva-i-sampinjona-riza\/","title":{"rendered":"Pile\u0107i file s grilla u umaku od mje\u0161anih divljih gljiva i \u0161ampinjona + ri\u017ea"},"content":{"rendered":"","protected":false},"excerpt":{"rendered":"","protected":false},"featured_media":689,"comment_status":"closed","ping_status":"closed","template":"","meta":[],"_links":{"self":[{"href":"http:\/\/cydonia.com.hr\/zg\/wp-json\/wp\/v2\/product\/7510"}],"collection":[{"href":"http:\/\/cydonia.com.hr\/zg\/wp-json\/wp\/v2\/product"}],"about":[{"href":"http:\/\/cydonia.com.hr\/zg\/wp-json\/wp\/v2\/types\/product"}],"replies":[{"embeddable":true,"href":"http:\/\/cydonia.com.hr\/zg\/wp-json\/wp\/v2\/comments?post=7510"}],"wp:featuredmedia":[{"embeddable":true,"href":"http:\/\/cydonia.com.hr\/zg\/wp-json\/wp\/v2\/media\/689"}],"wp:attachment":[{"href":"http:\/\/cydonia.com.hr\/zg\/wp-json\/wp\/v2\/media?parent=7510"}],"curies":[{"name":"wp","href":"https:\/\/api.w.org\/{rel}","templated":true}]}}