{"id":8148,"date":"2026-02-19T09:50:30","date_gmt":"2026-02-19T08:50:30","guid":{"rendered":"http:\/\/cydonia.com.hr\/zg\/?post_type=product&#038;p=8148"},"modified":"2026-04-20T07:56:00","modified_gmt":"2026-04-20T06:56:00","slug":"pileci-file-s-grilla-u-umaku-od-sampinjona-i-vrhnja-riza","status":"publish","type":"product","link":"http:\/\/cydonia.com.hr\/zg\/proizvod\/pileci-file-s-grilla-u-umaku-od-sampinjona-i-vrhnja-riza\/","title":{"rendered":"Pile\u0107i file s grilla u umaku od \u0161ampinjona i vrhnja + ri\u017ea"},"content":{"rendered":"","protected":false},"excerpt":{"rendered":"","protected":false},"featured_media":0,"comment_status":"closed","ping_status":"closed","template":"","meta":[],"_links":{"self":[{"href":"http:\/\/cydonia.com.hr\/zg\/wp-json\/wp\/v2\/product\/8148"}],"collection":[{"href":"http:\/\/cydonia.com.hr\/zg\/wp-json\/wp\/v2\/product"}],"about":[{"href":"http:\/\/cydonia.com.hr\/zg\/wp-json\/wp\/v2\/types\/product"}],"replies":[{"embeddable":true,"href":"http:\/\/cydonia.com.hr\/zg\/wp-json\/wp\/v2\/comments?post=8148"}],"wp:attachment":[{"href":"http:\/\/cydonia.com.hr\/zg\/wp-json\/wp\/v2\/media?parent=8148"}],"curies":[{"name":"wp","href":"https:\/\/api.w.org\/{rel}","templated":true}]}}