{"id":111,"date":"2015-04-21T07:36:10","date_gmt":"2015-04-21T07:36:10","guid":{"rendered":"http:\/\/teslathemes.com\/demo\/wp\/revoke2\/?page_id=111"},"modified":"2019-03-25T13:15:01","modified_gmt":"2019-03-25T12:15:01","slug":"kosarica","status":"publish","type":"page","link":"https:\/\/cydonia.com.hr\/zg\/kosarica\/","title":{"rendered":"Ko\u0161arica"},"content":{"rendered":"<div class=\"su-note\" id=\"\" style=\"border-color:#e53700;border-radius:3px;-moz-border-radius:3px;-webkit-border-radius:3px;\"><div class=\"su-note-inner su-u-clearfix su-u-trim\" style=\"background-color:#FF5113;border-color:#ffffdf;color:#fff;border-radius:3px;-moz-border-radius:3px;-webkit-border-radius:3px;\">Naru\u010dena hrana \u0107e na Va\u0161u adresu sti\u0107i za najvi\u0161e 50 minuta ili ranije! Ukoliko imate dodatnih zahtjeva nazovite nas na 01\/6182535 ili na 095 52 99 860<\/div><\/div>\n<div class=\"woocommerce\"><div class=\"woocommerce-notices-wrapper\"><\/div><p class=\"cart-empty woocommerce-info\">Va\u0161a ko\u0161arica je trenutno prazna.<\/p>\t<p class=\"return-to-shop\">\n\t\t<a class=\"button wc-backward\" href=\"https:\/\/cydonia.com.hr\/zg\/shop\/\">\n\t\t\tPovratak u trgovinu\t\t<\/a>\n\t<\/p>\n<\/div>\n","protected":false},"excerpt":{"rendered":"Naru\u010dena hrana \u0107e na Va\u0161u adresu sti\u0107i za najvi\u0161e 50 minuta ili ranije! Ukoliko imate dodatnih zahtjeva nazovite nas na 01\/6182535 ili na 095 52 99 860 Va\u0161a ko\u0161arica je trenutno prazna. Povratak u trgovinu","protected":false},"author":1,"featured_media":0,"parent":0,"menu_order":0,"comment_status":"closed","ping_status":"open","template":"","meta":{"footnotes":""},"_links":{"self":[{"href":"https:\/\/cydonia.com.hr\/zg\/wp-json\/wp\/v2\/pages\/111"}],"collection":[{"href":"https:\/\/cydonia.com.hr\/zg\/wp-json\/wp\/v2\/pages"}],"about":[{"href":"https:\/\/cydonia.com.hr\/zg\/wp-json\/wp\/v2\/types\/page"}],"author":[{"embeddable":true,"href":"https:\/\/cydonia.com.hr\/zg\/wp-json\/wp\/v2\/users\/1"}],"replies":[{"embeddable":true,"href":"https:\/\/cydonia.com.hr\/zg\/wp-json\/wp\/v2\/comments?post=111"}],"version-history":[{"count":4,"href":"https:\/\/cydonia.com.hr\/zg\/wp-json\/wp\/v2\/pages\/111\/revisions"}],"predecessor-version":[{"id":4687,"href":"https:\/\/cydonia.com.hr\/zg\/wp-json\/wp\/v2\/pages\/111\/revisions\/4687"}],"wp:attachment":[{"href":"https:\/\/cydonia.com.hr\/zg\/wp-json\/wp\/v2\/media?parent=111"}],"curies":[{"name":"wp","href":"https:\/\/api.w.org\/{rel}","templated":true}]}}