{"id":150,"date":"2015-04-21T14:05:33","date_gmt":"2015-04-21T14:05:33","guid":{"rendered":"http:\/\/teslathemes.com\/demo\/wp\/revoke2\/?page_id=150"},"modified":"2016-04-16T19:16:09","modified_gmt":"2016-04-16T18:16:09","slug":"o-nama","status":"publish","type":"page","link":"https:\/\/cydonia.com.hr\/zg\/o-nama\/","title":{"rendered":"O nama"},"content":{"rendered":"<div class=\"row \"><div class=\"col-md-7 \">   <p class=\"align-center\">\n\t\t\t\t\t\t<img src=\"http:\/\/cydonia.com.hr\/zg\/wp-content\/uploads\/2016\/02\/201302-orig-beautiful-chicken-600x411.jpg\" alt=\"Shortcode Image\" \/>\n\t\t\t\t\t<\/p>\n\t\n<\/div><div class=\"col-md-5 \"><p>Restoran Cydonia smje\u0161ten je u kvartu Sige\u010dica. <\/p>\n<p>Nudi uistinu razli\u010dita jela: fina topla predjela i juhe, jela s ro\u0161tilja, mesna, riblja i pohana jela te pizze, ri\u017eota, tjestenine i lazanje.fina topla predjela i juhe, jela s ro\u0161tilja, mesna, riblja i pohana jela te pizze, ri\u017eota, tjestenine i lazanje.<\/p>\n<\/div><\/div>\n","protected":false},"excerpt":{"rendered":"Restoran Cydonia smje\u0161ten je u kvartu Sige\u010dica. Nudi uistinu razli\u010dita jela: fina topla predjela i juhe, jela s ro\u0161tilja, mesna, riblja i pohana jela te pizze, ri\u017eota, tjestenine i lazanje.fina topla predjela i juhe, jela s ro\u0161tilja, mesna, riblja i pohana jela te pizze, ri\u017eota, tjestenine i lazanje.","protected":false},"author":1,"featured_media":0,"parent":0,"menu_order":0,"comment_status":"closed","ping_status":"open","template":"","meta":{"footnotes":""},"_links":{"self":[{"href":"https:\/\/cydonia.com.hr\/zg\/wp-json\/wp\/v2\/pages\/150"}],"collection":[{"href":"https:\/\/cydonia.com.hr\/zg\/wp-json\/wp\/v2\/pages"}],"about":[{"href":"https:\/\/cydonia.com.hr\/zg\/wp-json\/wp\/v2\/types\/page"}],"author":[{"embeddable":true,"href":"https:\/\/cydonia.com.hr\/zg\/wp-json\/wp\/v2\/users\/1"}],"replies":[{"embeddable":true,"href":"https:\/\/cydonia.com.hr\/zg\/wp-json\/wp\/v2\/comments?post=150"}],"version-history":[{"count":4,"href":"https:\/\/cydonia.com.hr\/zg\/wp-json\/wp\/v2\/pages\/150\/revisions"}],"predecessor-version":[{"id":541,"href":"https:\/\/cydonia.com.hr\/zg\/wp-json\/wp\/v2\/pages\/150\/revisions\/541"}],"wp:attachment":[{"href":"https:\/\/cydonia.com.hr\/zg\/wp-json\/wp\/v2\/media?parent=150"}],"curies":[{"name":"wp","href":"https:\/\/api.w.org\/{rel}","templated":true}]}}