{"id":325,"date":"2016-02-21T15:14:28","date_gmt":"2016-02-21T15:14:28","guid":{"rendered":"http:\/\/cydonia.com.hr\/zg\/?page_id=325"},"modified":"2016-04-16T20:13:04","modified_gmt":"2016-04-16T19:13:04","slug":"naruci-iz-menija","status":"publish","type":"page","link":"https:\/\/cydonia.com.hr\/zg\/naruci-iz-menija\/","title":{"rendered":"NARU\u010cI IZ MENIJA"},"content":{"rendered":"<p><img decoding=\"async\" loading=\"lazy\" src=\"http:\/\/cydonia.com.hr\/zg\/wp-content\/uploads\/2016\/02\/narucite-iz-jelovnika.png\" alt=\"narucite-iz-jelovnika\" width=\"841\" height=\"241\" class=\"alignnone size-full wp-image-493\" srcset=\"https:\/\/cydonia.com.hr\/zg\/wp-content\/uploads\/2016\/02\/narucite-iz-jelovnika.png 840w, https:\/\/cydonia.com.hr\/zg\/wp-content\/uploads\/2016\/02\/narucite-iz-jelovnika-120x34.png 120w, https:\/\/cydonia.com.hr\/zg\/wp-content\/uploads\/2016\/02\/narucite-iz-jelovnika-300x86.png 300w, https:\/\/cydonia.com.hr\/zg\/wp-content\/uploads\/2016\/02\/narucite-iz-jelovnika-768x220.png 768w\" sizes=\"(max-width: 841px) 100vw, 841px\" \/><br \/>\n<div class=\"su-accordion su-u-trim\"><div class=\"su-spoiler su-spoiler-style-default su-spoiler-icon-plus\" data-scroll-offset=\"0\"><div class=\"su-spoiler-title\" tabindex=\"0\" role=\"button\"><span class=\"su-spoiler-icon\"><\/span>TOPLA PREDJELA<\/div><div class=\"su-spoiler-content su-u-clearfix su-u-trim\"><div class=\"woocommerce columns-4 \"><\/div><\/div><\/div>\n<div class=\"su-spoiler su-spoiler-style-default su-spoiler-icon-plus su-spoiler-closed\" data-scroll-offset=\"0\"><div class=\"su-spoiler-title\" tabindex=\"0\" role=\"button\"><span class=\"su-spoiler-icon\"><\/span>JUHE<\/div><div class=\"su-spoiler-content su-u-clearfix su-u-trim\"><div class=\"woocommerce columns-4 \"><\/div><\/div><\/div>\n<div class=\"su-spoiler su-spoiler-style-default su-spoiler-icon-plus su-spoiler-closed\" data-scroll-offset=\"0\"><div class=\"su-spoiler-title\" tabindex=\"0\" role=\"button\"><span class=\"su-spoiler-icon\"><\/span>MESA<\/div><div class=\"su-spoiler-content su-u-clearfix su-u-trim\"><div class=\"woocommerce columns-4 \"><\/div><\/div><\/div>\n<div class=\"su-spoiler su-spoiler-style-default su-spoiler-icon-plus su-spoiler-closed\" data-scroll-offset=\"0\"><div class=\"su-spoiler-title\" tabindex=\"0\" role=\"button\"><span class=\"su-spoiler-icon\"><\/span>RO\u0160TILJ<\/div><div class=\"su-spoiler-content su-u-clearfix su-u-trim\"><div class=\"woocommerce columns-4 \"><\/div><\/div><\/div>\n<div class=\"su-spoiler su-spoiler-style-default su-spoiler-icon-plus su-spoiler-closed\" data-scroll-offset=\"0\"><div class=\"su-spoiler-title\" tabindex=\"0\" role=\"button\"><span class=\"su-spoiler-icon\"><\/span>SENDVI\u010cI<\/div><div class=\"su-spoiler-content su-u-clearfix su-u-trim\"><div class=\"woocommerce columns-4 \"><\/div><\/div><\/div>\n<div class=\"su-spoiler su-spoiler-style-default su-spoiler-icon-plus su-spoiler-closed\" data-scroll-offset=\"0\"><div class=\"su-spoiler-title\" tabindex=\"0\" role=\"button\"><span class=\"su-spoiler-icon\"><\/span>HAMBURGERI<\/div><div class=\"su-spoiler-content su-u-clearfix su-u-trim\"><div class=\"woocommerce columns-4 \"><\/div><\/div><\/div>\n<div class=\"su-spoiler su-spoiler-style-default su-spoiler-icon-plus su-spoiler-closed\" data-scroll-offset=\"0\"><div class=\"su-spoiler-title\" tabindex=\"0\" role=\"button\"><span class=\"su-spoiler-icon\"><\/span>POHANA JELA<\/div><div class=\"su-spoiler-content su-u-clearfix su-u-trim\"><div class=\"woocommerce columns-4 \"><\/div><\/div><\/div>\n<div class=\"su-spoiler su-spoiler-style-default su-spoiler-icon-plus su-spoiler-closed\" data-scroll-offset=\"0\"><div class=\"su-spoiler-title\" tabindex=\"0\" role=\"button\"><span class=\"su-spoiler-icon\"><\/span>RI\u017dOTA<\/div><div class=\"su-spoiler-content su-u-clearfix su-u-trim\"><div class=\"woocommerce columns-4 \"><\/div><\/div><\/div>\n<div class=\"su-spoiler su-spoiler-style-default su-spoiler-icon-plus su-spoiler-closed\" data-scroll-offset=\"0\"><div class=\"su-spoiler-title\" tabindex=\"0\" role=\"button\"><span class=\"su-spoiler-icon\"><\/span>TJESTENINE<\/div><div class=\"su-spoiler-content su-u-clearfix su-u-trim\"><div class=\"woocommerce columns-4 \"><\/div><\/div><\/div>\n<div class=\"su-spoiler su-spoiler-style-default su-spoiler-icon-plus su-spoiler-closed\" data-scroll-offset=\"0\"><div class=\"su-spoiler-title\" tabindex=\"0\" role=\"button\"><span class=\"su-spoiler-icon\"><\/span>SALATA KAO GLAVNO JELO<\/div><div class=\"su-spoiler-content su-u-clearfix su-u-trim\"><div class=\"woocommerce columns-4 \"><\/div><\/div><\/div>\n<div class=\"su-spoiler su-spoiler-style-default su-spoiler-icon-plus su-spoiler-closed\" data-scroll-offset=\"0\"><div class=\"su-spoiler-title\" tabindex=\"0\" role=\"button\"><span class=\"su-spoiler-icon\"><\/span>PRILOZI<\/div><div class=\"su-spoiler-content su-u-clearfix su-u-trim\"><div class=\"woocommerce columns-4 \"><\/div><\/div><\/div>\n<div class=\"su-spoiler su-spoiler-style-default su-spoiler-icon-plus su-spoiler-closed\" data-scroll-offset=\"0\"><div class=\"su-spoiler-title\" tabindex=\"0\" role=\"button\"><span class=\"su-spoiler-icon\"><\/span>SALATE<\/div><div class=\"su-spoiler-content su-u-clearfix su-u-trim\"><div class=\"woocommerce columns-4 \"><ul class=\"products columns-4\">\n<li class=\"product type-product post-459 status-publish first instock product_cat-salate has-post-thumbnail shipping-taxable purchasable product-type-simple\">\n\t<a href=\"https:\/\/cydonia.com.hr\/zg\/proizvod\/mjesana-salata\/\" class=\"woocommerce-LoopProduct-link woocommerce-loop-product__link\"><img width=\"120\" height=\"120\" src=\"https:\/\/cydonia.com.hr\/zg\/wp-content\/uploads\/2016\/02\/zdjela-salate-4.png\" class=\"attachment-woocommerce_thumbnail size-woocommerce_thumbnail\" alt=\"\" decoding=\"async\" loading=\"lazy\" srcset=\"https:\/\/cydonia.com.hr\/zg\/wp-content\/uploads\/2016\/02\/zdjela-salate-4.png 120w, https:\/\/cydonia.com.hr\/zg\/wp-content\/uploads\/2016\/02\/zdjela-salate-4-100x100.png 100w\" sizes=\"(max-width: 120px) 100vw, 120px\" \/><h2 class=\"woocommerce-loop-product__title\">Mje\u0161ana salata<\/h2>\n\t<span class=\"price\"><span class=\"woocommerce-Price-amount amount\">3,00&nbsp;<span class=\"woocommerce-Price-currencySymbol\">&euro;<\/span><\/span><\/span>\n\n\t<span class=\"price\"><span class=\"woocommerce-Price-amount amount\">3,00&nbsp;<span class=\"woocommerce-Price-currencySymbol\">&euro;<\/span><\/span><\/span>\n<\/a><a href=\"?add-to-cart=459\" data-quantity=\"1\" class=\"button product_type_simple add_to_cart_button ajax_add_to_cart\" data-product_id=\"459\" data-product_sku=\"67\" aria-label=\"Dodaj &ldquo;Mje\u0161ana salata&rdquo; u Va\u0161u ko\u0161aricu.\" rel=\"nofollow\">Dodaj u ko\u0161aricu<\/a><\/li>\n<li class=\"product type-product post-454 status-publish instock product_cat-salate has-post-thumbnail shipping-taxable purchasable product-type-simple\">\n\t<a href=\"https:\/\/cydonia.com.hr\/zg\/proizvod\/zelena-salata\/\" class=\"woocommerce-LoopProduct-link woocommerce-loop-product__link\"><img width=\"120\" height=\"120\" src=\"https:\/\/cydonia.com.hr\/zg\/wp-content\/uploads\/2016\/02\/salata-puterica-4.png\" class=\"attachment-woocommerce_thumbnail size-woocommerce_thumbnail\" alt=\"\" decoding=\"async\" loading=\"lazy\" srcset=\"https:\/\/cydonia.com.hr\/zg\/wp-content\/uploads\/2016\/02\/salata-puterica-4.png 120w, https:\/\/cydonia.com.hr\/zg\/wp-content\/uploads\/2016\/02\/salata-puterica-4-100x100.png 100w\" sizes=\"(max-width: 120px) 100vw, 120px\" \/><h2 class=\"woocommerce-loop-product__title\">Zelena salata<\/h2>\n\t<span class=\"price\"><span class=\"woocommerce-Price-amount amount\">2,40&nbsp;<span class=\"woocommerce-Price-currencySymbol\">&euro;<\/span><\/span><\/span>\n\n\t<span class=\"price\"><span class=\"woocommerce-Price-amount amount\">2,40&nbsp;<span class=\"woocommerce-Price-currencySymbol\">&euro;<\/span><\/span><\/span>\n<\/a><a href=\"?add-to-cart=454\" data-quantity=\"1\" class=\"button product_type_simple add_to_cart_button ajax_add_to_cart\" data-product_id=\"454\" data-product_sku=\"63\" aria-label=\"Dodaj &ldquo;Zelena salata&rdquo; u Va\u0161u ko\u0161aricu.\" rel=\"nofollow\">Dodaj u ko\u0161aricu<\/a><\/li>\n<\/ul>\n<\/div><\/div><\/div>\n<div class=\"su-spoiler su-spoiler-style-default su-spoiler-icon-plus su-spoiler-closed\" data-scroll-offset=\"0\"><div class=\"su-spoiler-title\" tabindex=\"0\" role=\"button\"><span class=\"su-spoiler-icon\"><\/span>PALA\u010cINKE<\/div><div class=\"su-spoiler-content su-u-clearfix su-u-trim\"><div class=\"woocommerce columns-4 \"><\/div><\/div><\/div>\n<div class=\"su-spoiler su-spoiler-style-default su-spoiler-icon-plus su-spoiler-closed\" data-scroll-offset=\"0\"><div class=\"su-spoiler-title\" tabindex=\"0\" role=\"button\"><span class=\"su-spoiler-icon\"><\/span>MENI ZA 2 I 4 OSOBE<\/div><div class=\"su-spoiler-content su-u-clearfix su-u-trim\"><div class=\"woocommerce columns-4 \"><\/div><\/div><\/div>\n<div class=\"su-spoiler su-spoiler-style-default su-spoiler-icon-plus su-spoiler-closed\" data-scroll-offset=\"0\"><div class=\"su-spoiler-title\" tabindex=\"0\" role=\"button\"><span class=\"su-spoiler-icon\"><\/span>MORSKA JELA<\/div><div class=\"su-spoiler-content su-u-clearfix su-u-trim\"><div class=\"woocommerce columns-4 \"><\/div><\/div><\/div>\n<div class=\"su-spoiler su-spoiler-style-default su-spoiler-icon-plus su-spoiler-closed\" data-scroll-offset=\"0\"><div class=\"su-spoiler-title\" tabindex=\"0\" role=\"button\"><span class=\"su-spoiler-icon\"><\/span>PREPORUKA \u0160EFA<\/div><div class=\"su-spoiler-content su-u-clearfix su-u-trim\"><div class=\"woocommerce columns-4 \"><ul class=\"products columns-4\">\n<li class=\"product type-product post-946 status-publish first instock product_cat-dnevni-meni product_cat-preporuka-sefa has-post-thumbnail shipping-taxable purchasable product-type-simple\">\n\t<a href=\"https:\/\/cydonia.com.hr\/zg\/proizvod\/cevapi-preliveni-kajmakom-pomfrit-lepinja-luk\/\" class=\"woocommerce-LoopProduct-link woocommerce-loop-product__link\"><img width=\"120\" height=\"120\" src=\"https:\/\/cydonia.com.hr\/zg\/wp-content\/uploads\/2016\/02\/rostilj-7.png\" class=\"attachment-woocommerce_thumbnail size-woocommerce_thumbnail\" alt=\"\" decoding=\"async\" loading=\"lazy\" srcset=\"https:\/\/cydonia.com.hr\/zg\/wp-content\/uploads\/2016\/02\/rostilj-7.png 120w, https:\/\/cydonia.com.hr\/zg\/wp-content\/uploads\/2016\/02\/rostilj-7-100x100.png 100w\" sizes=\"(max-width: 120px) 100vw, 120px\" \/><h2 class=\"woocommerce-loop-product__title\">\u010cEVAPI PRELIVENI KAJMAKOM + pomfrit + kruh + luk<\/h2>\n\t<span class=\"price\"><span class=\"woocommerce-Price-amount amount\">9,00&nbsp;<span class=\"woocommerce-Price-currencySymbol\">&euro;<\/span><\/span><\/span>\n\n\t<span class=\"price\"><span class=\"woocommerce-Price-amount amount\">9,00&nbsp;<span class=\"woocommerce-Price-currencySymbol\">&euro;<\/span><\/span><\/span>\n<\/a><a href=\"?add-to-cart=946\" data-quantity=\"1\" class=\"button product_type_simple add_to_cart_button ajax_add_to_cart\" data-product_id=\"946\" data-product_sku=\"\" aria-label=\"Dodaj &ldquo;\u010cEVAPI PRELIVENI KAJMAKOM + pomfrit + kruh + luk&rdquo; u Va\u0161u ko\u0161aricu.\" rel=\"nofollow\">Dodaj u ko\u0161aricu<\/a><\/li>\n<\/ul>\n<\/div><\/div><\/div>\n<\/div>\n","protected":false},"excerpt":{"rendered":"TOPLA PREDJELA JUHE MESA RO\u0160TILJ SENDVI\u010cI HAMBURGERI POHANA JELA RI\u017dOTA TJESTENINE SALATA KAO GLAVNO JELO PRILOZI SALATE Mje\u0161ana salata 3,00&nbsp;&euro; 3,00&nbsp;&euro; Dodaj u ko\u0161aricu Zelena salata 2,40&nbsp;&euro; 2,40&nbsp;&euro; Dodaj u ko\u0161aricu PALA\u010cINKE MENI ZA 2 I 4 OSOBE MORSKA JELA PREPORUKA \u0160EFA \u010cEVAPI PRELIVENI KAJMAKOM + pomfrit + kruh + luk 9,00&nbsp;&euro; 9,00&nbsp;&euro; Dodaj u<a class=\"moretag\" href=\"https:\/\/cydonia.com.hr\/zg\/naruci-iz-menija\/\"> [...]<\/a>","protected":false},"author":1,"featured_media":0,"parent":0,"menu_order":0,"comment_status":"closed","ping_status":"closed","template":"","meta":{"footnotes":""},"_links":{"self":[{"href":"https:\/\/cydonia.com.hr\/zg\/wp-json\/wp\/v2\/pages\/325"}],"collection":[{"href":"https:\/\/cydonia.com.hr\/zg\/wp-json\/wp\/v2\/pages"}],"about":[{"href":"https:\/\/cydonia.com.hr\/zg\/wp-json\/wp\/v2\/types\/page"}],"author":[{"embeddable":true,"href":"https:\/\/cydonia.com.hr\/zg\/wp-json\/wp\/v2\/users\/1"}],"replies":[{"embeddable":true,"href":"https:\/\/cydonia.com.hr\/zg\/wp-json\/wp\/v2\/comments?post=325"}],"version-history":[{"count":32,"href":"https:\/\/cydonia.com.hr\/zg\/wp-json\/wp\/v2\/pages\/325\/revisions"}],"predecessor-version":[{"id":958,"href":"https:\/\/cydonia.com.hr\/zg\/wp-json\/wp\/v2\/pages\/325\/revisions\/958"}],"wp:attachment":[{"href":"https:\/\/cydonia.com.hr\/zg\/wp-json\/wp\/v2\/media?parent=325"}],"curies":[{"name":"wp","href":"https:\/\/api.w.org\/{rel}","templated":true}]}}