{"id":3359,"date":"2024-06-19T08:28:16","date_gmt":"2024-06-19T07:28:16","guid":{"rendered":"http:\/\/cydonia.com.hr\/zg\/?post_type=product&#038;p=3359"},"modified":"2026-04-21T07:23:09","modified_gmt":"2026-04-21T06:23:09","slug":"pureci-file-s-grilla-u-umaku-od-mozzarelespinata-i-vrhnja-pasta-penne","status":"publish","type":"product","link":"https:\/\/cydonia.com.hr\/zg\/proizvod\/pureci-file-s-grilla-u-umaku-od-mozzarelespinata-i-vrhnja-pasta-penne\/","title":{"rendered":"Pile\u0107i file s grilla u umaku od gorgonzole,\u0161pinata i vrhnja + ri\u017ea"},"content":{"rendered":"","protected":false},"excerpt":{"rendered":"","protected":false},"featured_media":689,"comment_status":"closed","ping_status":"closed","template":"","meta":[],"_links":{"self":[{"href":"https:\/\/cydonia.com.hr\/zg\/wp-json\/wp\/v2\/product\/3359"}],"collection":[{"href":"https:\/\/cydonia.com.hr\/zg\/wp-json\/wp\/v2\/product"}],"about":[{"href":"https:\/\/cydonia.com.hr\/zg\/wp-json\/wp\/v2\/types\/product"}],"replies":[{"embeddable":true,"href":"https:\/\/cydonia.com.hr\/zg\/wp-json\/wp\/v2\/comments?post=3359"}],"wp:featuredmedia":[{"embeddable":true,"href":"https:\/\/cydonia.com.hr\/zg\/wp-json\/wp\/v2\/media\/689"}],"wp:attachment":[{"href":"https:\/\/cydonia.com.hr\/zg\/wp-json\/wp\/v2\/media?parent=3359"}],"curies":[{"name":"wp","href":"https:\/\/api.w.org\/{rel}","templated":true}]}}