{"id":5359,"date":"2019-09-04T06:38:57","date_gmt":"2019-09-04T05:38:57","guid":{"rendered":"http:\/\/cydonia.com.hr\/zg\/?post_type=product&#038;p=5359"},"modified":"2026-04-16T09:38:05","modified_gmt":"2026-04-16T08:38:05","slug":"tortilja-punjena-piletinom-i-povrcemprelivena-vrhnjempancetom-i-siromzapecena-u-pecnici","status":"publish","type":"product","link":"https:\/\/cydonia.com.hr\/zg\/proizvod\/tortilja-punjena-piletinom-i-povrcemprelivena-vrhnjempancetom-i-siromzapecena-u-pecnici\/","title":{"rendered":"Tortilja (2 komada) punjena piletinom i povr\u0107em,prelivena vrhnjem,pancetom i sirom,zape\u010dena u pe\u010dnici + pomfrit"},"content":{"rendered":"","protected":false},"excerpt":{"rendered":"","protected":false},"featured_media":735,"comment_status":"closed","ping_status":"closed","template":"","meta":[],"_links":{"self":[{"href":"https:\/\/cydonia.com.hr\/zg\/wp-json\/wp\/v2\/product\/5359"}],"collection":[{"href":"https:\/\/cydonia.com.hr\/zg\/wp-json\/wp\/v2\/product"}],"about":[{"href":"https:\/\/cydonia.com.hr\/zg\/wp-json\/wp\/v2\/types\/product"}],"replies":[{"embeddable":true,"href":"https:\/\/cydonia.com.hr\/zg\/wp-json\/wp\/v2\/comments?post=5359"}],"wp:featuredmedia":[{"embeddable":true,"href":"https:\/\/cydonia.com.hr\/zg\/wp-json\/wp\/v2\/media\/735"}],"wp:attachment":[{"href":"https:\/\/cydonia.com.hr\/zg\/wp-json\/wp\/v2\/media?parent=5359"}],"curies":[{"name":"wp","href":"https:\/\/api.w.org\/{rel}","templated":true}]}}