{"id":6126,"date":"2020-03-24T18:30:10","date_gmt":"2020-03-24T17:30:10","guid":{"rendered":"http:\/\/cydonia.com.hr\/zg\/?post_type=product&#038;p=6126"},"modified":"2026-02-04T12:22:00","modified_gmt":"2026-02-04T11:22:00","slug":"pileci-zagrebacki-odrezak-punjen-prsutom-i-sirom-riza-tartar","status":"publish","type":"product","link":"https:\/\/cydonia.com.hr\/zg\/proizvod\/pileci-zagrebacki-odrezak-punjen-prsutom-i-sirom-riza-tartar\/","title":{"rendered":"Pile\u0107i zagreba\u010dki odrezak punjen pr\u0161utom i sirom + prilog ( obavezno odabrati samo 1 prilog)+ tartar"},"content":{"rendered":"","protected":false},"excerpt":{"rendered":"","protected":false},"featured_media":892,"comment_status":"closed","ping_status":"closed","template":"","meta":[],"_links":{"self":[{"href":"https:\/\/cydonia.com.hr\/zg\/wp-json\/wp\/v2\/product\/6126"}],"collection":[{"href":"https:\/\/cydonia.com.hr\/zg\/wp-json\/wp\/v2\/product"}],"about":[{"href":"https:\/\/cydonia.com.hr\/zg\/wp-json\/wp\/v2\/types\/product"}],"replies":[{"embeddable":true,"href":"https:\/\/cydonia.com.hr\/zg\/wp-json\/wp\/v2\/comments?post=6126"}],"wp:featuredmedia":[{"embeddable":true,"href":"https:\/\/cydonia.com.hr\/zg\/wp-json\/wp\/v2\/media\/892"}],"wp:attachment":[{"href":"https:\/\/cydonia.com.hr\/zg\/wp-json\/wp\/v2\/media?parent=6126"}],"curies":[{"name":"wp","href":"https:\/\/api.w.org\/{rel}","templated":true}]}}