{"id":6144,"date":"2025-10-13T07:43:34","date_gmt":"2025-10-13T06:43:34","guid":{"rendered":"http:\/\/cydonia.com.hr\/zg\/?post_type=product&#038;p=6144"},"modified":"2026-04-16T07:40:42","modified_gmt":"2026-04-16T06:40:42","slug":"pureci-odrezak-u-bijelom-umaku-od-prsutavrhnja-i-kopra-riza","status":"publish","type":"product","link":"https:\/\/cydonia.com.hr\/zg\/proizvod\/pureci-odrezak-u-bijelom-umaku-od-prsutavrhnja-i-kopra-riza\/","title":{"rendered":"PILE\u0106I ODREZAK U  BIJELOM UMAKU OD PR\u0160UTA,VRHNJA I KOPRA + PRILOG (obavezno odabrati 1 prilog,pasta penne ili ri\u017ea)"},"content":{"rendered":"","protected":false},"excerpt":{"rendered":"","protected":false},"featured_media":694,"comment_status":"closed","ping_status":"closed","template":"","meta":[],"_links":{"self":[{"href":"https:\/\/cydonia.com.hr\/zg\/wp-json\/wp\/v2\/product\/6144"}],"collection":[{"href":"https:\/\/cydonia.com.hr\/zg\/wp-json\/wp\/v2\/product"}],"about":[{"href":"https:\/\/cydonia.com.hr\/zg\/wp-json\/wp\/v2\/types\/product"}],"replies":[{"embeddable":true,"href":"https:\/\/cydonia.com.hr\/zg\/wp-json\/wp\/v2\/comments?post=6144"}],"wp:featuredmedia":[{"embeddable":true,"href":"https:\/\/cydonia.com.hr\/zg\/wp-json\/wp\/v2\/media\/694"}],"wp:attachment":[{"href":"https:\/\/cydonia.com.hr\/zg\/wp-json\/wp\/v2\/media?parent=6144"}],"curies":[{"name":"wp","href":"https:\/\/api.w.org\/{rel}","templated":true}]}}