{"id":672,"date":"2016-03-16T08:05:34","date_gmt":"2016-03-16T07:05:34","guid":{"rendered":"http:\/\/cydonia.com.hr\/zg\/?post_type=product&#038;p=672"},"modified":"2026-04-16T09:37:51","modified_gmt":"2026-04-16T08:37:51","slug":"chimichanga-de-pollo-meksicki-krumpir-umak-od-svjezih-krastavaca-cesnjaka-majoneze-i-jogurta","status":"publish","type":"product","link":"https:\/\/cydonia.com.hr\/zg\/proizvod\/chimichanga-de-pollo-meksicki-krumpir-umak-od-svjezih-krastavaca-cesnjaka-majoneze-i-jogurta\/","title":{"rendered":"CHIMICHANGA DE POLLO (2 komada) + pomfrit + UMAK OD SVJE\u017dIH KRASTAVACA, \u010cE\u0160NJAKA, MAJONEZE I JOGURTA"},"content":{"rendered":"","protected":false},"excerpt":{"rendered":"","protected":false},"featured_media":360,"comment_status":"closed","ping_status":"closed","template":"","meta":[],"_links":{"self":[{"href":"https:\/\/cydonia.com.hr\/zg\/wp-json\/wp\/v2\/product\/672"}],"collection":[{"href":"https:\/\/cydonia.com.hr\/zg\/wp-json\/wp\/v2\/product"}],"about":[{"href":"https:\/\/cydonia.com.hr\/zg\/wp-json\/wp\/v2\/types\/product"}],"replies":[{"embeddable":true,"href":"https:\/\/cydonia.com.hr\/zg\/wp-json\/wp\/v2\/comments?post=672"}],"wp:featuredmedia":[{"embeddable":true,"href":"https:\/\/cydonia.com.hr\/zg\/wp-json\/wp\/v2\/media\/360"}],"wp:attachment":[{"href":"https:\/\/cydonia.com.hr\/zg\/wp-json\/wp\/v2\/media?parent=672"}],"curies":[{"name":"wp","href":"https:\/\/api.w.org\/{rel}","templated":true}]}}