{"id":8383,"date":"2024-06-04T08:46:15","date_gmt":"2024-06-04T07:46:15","guid":{"rendered":"http:\/\/cydonia.com.hr\/zg\/?post_type=product&#038;p=8383"},"modified":"2024-06-22T18:10:12","modified_gmt":"2024-06-22T17:10:12","slug":"pileca-plata-2-x-becki2-x-naravni2x-raznjic-pomfrit-i-pekarski-krumpir-ajvar-tartar-kruh","status":"publish","type":"product","link":"https:\/\/cydonia.com.hr\/zg\/proizvod\/pileca-plata-2-x-becki2-x-naravni2x-raznjic-pomfrit-i-pekarski-krumpir-ajvar-tartar-kruh\/","title":{"rendered":"Pile\u0107a plata (2 x be\u010dki,2 x naravni,2x ra\u017enji\u0107) + pomfrit i pekarski krumpir + ajvar + tartar + kruh"},"content":{"rendered":"","protected":false},"excerpt":{"rendered":"","protected":false},"featured_media":484,"comment_status":"closed","ping_status":"closed","template":"","meta":[],"_links":{"self":[{"href":"https:\/\/cydonia.com.hr\/zg\/wp-json\/wp\/v2\/product\/8383"}],"collection":[{"href":"https:\/\/cydonia.com.hr\/zg\/wp-json\/wp\/v2\/product"}],"about":[{"href":"https:\/\/cydonia.com.hr\/zg\/wp-json\/wp\/v2\/types\/product"}],"replies":[{"embeddable":true,"href":"https:\/\/cydonia.com.hr\/zg\/wp-json\/wp\/v2\/comments?post=8383"}],"wp:featuredmedia":[{"embeddable":true,"href":"https:\/\/cydonia.com.hr\/zg\/wp-json\/wp\/v2\/media\/484"}],"wp:attachment":[{"href":"https:\/\/cydonia.com.hr\/zg\/wp-json\/wp\/v2\/media?parent=8383"}],"curies":[{"name":"wp","href":"https:\/\/api.w.org\/{rel}","templated":true}]}}