{"id":8988,"date":"2026-01-25T13:27:38","date_gmt":"2026-01-25T12:27:38","guid":{"rendered":"https:\/\/cydonia.com.hr\/zg\/?post_type=product&#038;p=8988"},"modified":"2026-04-15T07:28:53","modified_gmt":"2026-04-15T06:28:53","slug":"pileci-panirani-prutici-prilog-obavezno-odabrati-jedan-prilog-tartar-kopiraj","status":"publish","type":"product","link":"https:\/\/cydonia.com.hr\/zg\/proizvod\/pileci-panirani-prutici-prilog-obavezno-odabrati-jedan-prilog-tartar-kopiraj\/","title":{"rendered":"Pile\u0107i panirani pruti\u010di + PRILOG (obavezno odabrati jedan prilog,ri\u017ea,pomfrit ili pekarski krumpir) + tartar"},"content":{"rendered":"","protected":false},"excerpt":{"rendered":"","protected":false},"featured_media":428,"comment_status":"closed","ping_status":"closed","template":"","meta":[],"_links":{"self":[{"href":"https:\/\/cydonia.com.hr\/zg\/wp-json\/wp\/v2\/product\/8988"}],"collection":[{"href":"https:\/\/cydonia.com.hr\/zg\/wp-json\/wp\/v2\/product"}],"about":[{"href":"https:\/\/cydonia.com.hr\/zg\/wp-json\/wp\/v2\/types\/product"}],"replies":[{"embeddable":true,"href":"https:\/\/cydonia.com.hr\/zg\/wp-json\/wp\/v2\/comments?post=8988"}],"wp:featuredmedia":[{"embeddable":true,"href":"https:\/\/cydonia.com.hr\/zg\/wp-json\/wp\/v2\/media\/428"}],"wp:attachment":[{"href":"https:\/\/cydonia.com.hr\/zg\/wp-json\/wp\/v2\/media?parent=8988"}],"curies":[{"name":"wp","href":"https:\/\/api.w.org\/{rel}","templated":true}]}}